{"id":2434,"date":"2026-03-11T14:16:32","date_gmt":"2026-03-11T13:16:32","guid":{"rendered":"https:\/\/poleposition-assurances.fr\/?page_id=2434"},"modified":"2026-03-11T15:17:34","modified_gmt":"2026-03-11T14:17:34","slug":"assurance-transport-stockage-2","status":"publish","type":"page","link":"https:\/\/poleposition-assurances.fr\/index.php\/assurance-transport-stockage-2\/","title":{"rendered":"Assurance Professionnels"},"content":{"rendered":"\t\t<div data-elementor-type=\"wp-page\" data-elementor-id=\"2434\" class=\"elementor elementor-2434\" data-elementor-post-type=\"page\">\n\t\t\t\t\t\t<section class=\"elementor-section elementor-top-section elementor-element elementor-element-f5cf645 elementor-section-boxed elementor-section-height-default elementor-section-height-default\" data-id=\"f5cf645\" data-element_type=\"section\" data-e-type=\"section\">\n\t\t\t\t\t\t<div class=\"elementor-container elementor-column-gap-default\">\n\t\t\t\t\t<div class=\"elementor-column elementor-col-100 elementor-top-column elementor-element elementor-element-c722b4e\" data-id=\"c722b4e\" data-element_type=\"column\" data-e-type=\"column\">\n\t\t\t<div class=\"elementor-widget-wrap elementor-element-populated\">\n\t\t\t\t\t\t<div class=\"elementor-element elementor-element-6baf73c elementor-widget elementor-widget-heading\" data-id=\"6baf73c\" data-element_type=\"widget\" data-e-type=\"widget\" data-widget_type=\"heading.default\">\n\t\t\t\t<div class=\"elementor-widget-container\">\n\t\t\t\t\t<h2 class=\"elementor-heading-title elementor-size-default\">ASSURANCES PROFESSIONNELS<\/h2>\t\t\t\t<\/div>\n\t\t\t\t<\/div>\n\t\t\t\t\t<\/div>\n\t\t<\/div>\n\t\t\t\t\t<\/div>\n\t\t<\/section>\n\t\t\t\t<section class=\"elementor-section elementor-top-section elementor-element elementor-element-bc50b76 elementor-section-boxed elementor-section-height-default elementor-section-height-default\" data-id=\"bc50b76\" data-element_type=\"section\" data-e-type=\"section\">\n\t\t\t\t\t\t<div class=\"elementor-container elementor-column-gap-default\">\n\t\t\t\t\t<div class=\"elementor-column elementor-col-100 elementor-top-column elementor-element elementor-element-6d903d9\" data-id=\"6d903d9\" data-element_type=\"column\" data-e-type=\"column\">\n\t\t\t<div class=\"elementor-widget-wrap elementor-element-populated\">\n\t\t\t\t\t\t<div class=\"elementor-element elementor-element-df66483 elementor-widget elementor-widget-text-editor\" data-id=\"df66483\" data-element_type=\"widget\" data-e-type=\"widget\" data-widget_type=\"text-editor.default\">\n\t\t\t\t<div class=\"elementor-widget-container\">\n\t\t\t\t\t\t\t\t\t<h2>S\u00e9curisez votre activit\u00e9, concentrez-vous sur votre r\u00e9ussite<\/h2>\t\t\t\t\t\t\t\t<\/div>\n\t\t\t\t<\/div>\n\t\t\t\t\t<\/div>\n\t\t<\/div>\n\t\t\t\t\t<\/div>\n\t\t<\/section>\n\t\t\t\t<section class=\"elementor-section elementor-top-section elementor-element elementor-element-17cd93c elementor-section-boxed elementor-section-height-default elementor-section-height-default\" data-id=\"17cd93c\" data-element_type=\"section\" data-e-type=\"section\">\n\t\t\t\t\t\t<div class=\"elementor-container elementor-column-gap-default\">\n\t\t\t\t\t<div class=\"elementor-column elementor-col-100 elementor-top-column elementor-element elementor-element-1bc2fe0\" data-id=\"1bc2fe0\" data-element_type=\"column\" data-e-type=\"column\">\n\t\t\t<div class=\"elementor-widget-wrap elementor-element-populated\">\n\t\t\t\t\t\t<div class=\"elementor-element elementor-element-63412e4 elementor-widget elementor-widget-text-editor\" data-id=\"63412e4\" data-element_type=\"widget\" data-e-type=\"widget\" data-widget_type=\"text-editor.default\">\n\t\t\t\t<div class=\"elementor-widget-container\">\n\t\t\t\t\t\t\t\t\t<p>Pole Position Assurances vous propose des solutions d\u2019assurance professionnelle con\u00e7ues pour r\u00e9pondre aux sp\u00e9cificit\u00e9s de votre activit\u00e9 et aux besoins de votre entreprise. Au-del\u00e0 de la protection de vos locaux, de vos \u00e9quipements et de vos v\u00e9hicules, nous veillons \u00e9galement \u00e0 s\u00e9curiser l\u2019\u00e9l\u00e9ment essentiel au bon fonctionnement de votre entreprise : vous.<\/p>\t\t\t\t\t\t\t\t<\/div>\n\t\t\t\t<\/div>\n\t\t\t\t\t<\/div>\n\t\t<\/div>\n\t\t\t\t\t<\/div>\n\t\t<\/section>\n\t\t\t\t<section class=\"elementor-section elementor-top-section elementor-element elementor-element-5d4ad22 elementor-section-boxed elementor-section-height-default elementor-section-height-default\" data-id=\"5d4ad22\" data-element_type=\"section\" data-e-type=\"section\">\n\t\t\t\t\t\t<div class=\"elementor-container elementor-column-gap-default\">\n\t\t\t\t\t<div class=\"elementor-column elementor-col-100 elementor-top-column elementor-element elementor-element-377fe83\" data-id=\"377fe83\" data-element_type=\"column\" data-e-type=\"column\">\n\t\t\t<div class=\"elementor-widget-wrap elementor-element-populated\">\n\t\t\t\t\t\t<div class=\"elementor-element elementor-element-9b779bb elementor-widget elementor-widget-text-editor\" data-id=\"9b779bb\" data-element_type=\"widget\" data-e-type=\"widget\" data-widget_type=\"text-editor.default\">\n\t\t\t\t<div class=\"elementor-widget-container\">\n\t\t\t\t\t\t\t\t\t<h4 style=\"font-weight: 400;\"><strong>Contactez-nous<\/strong><\/h4>\t\t\t\t\t\t\t\t<\/div>\n\t\t\t\t<\/div>\n\t\t\t\t\t<\/div>\n\t\t<\/div>\n\t\t\t\t\t<\/div>\n\t\t<\/section>\n\t\t\t\t<section class=\"elementor-section elementor-top-section elementor-element elementor-element-b2f0769 elementor-section-boxed elementor-section-height-default elementor-section-height-default\" data-id=\"b2f0769\" data-element_type=\"section\" data-e-type=\"section\">\n\t\t\t\t\t\t<div class=\"elementor-container elementor-column-gap-default\">\n\t\t\t\t\t<div class=\"elementor-column elementor-col-100 elementor-top-column elementor-element elementor-element-f821d45\" data-id=\"f821d45\" data-element_type=\"column\" data-e-type=\"column\">\n\t\t\t<div class=\"elementor-widget-wrap elementor-element-populated\">\n\t\t\t\t\t\t<div class=\"elementor-element elementor-element-1ae0203 elementor-widget elementor-widget-text-editor\" data-id=\"1ae0203\" data-element_type=\"widget\" data-e-type=\"widget\" data-widget_type=\"text-editor.default\">\n\t\t\t\t<div class=\"elementor-widget-container\">\n\t\t\t\t\t\t\t\t\t<p>Parce que les r\u00e9ponses adapt\u00e9es \u00e0 vos besoins sp\u00e9cifiques ne peuvent \u00eatre collect\u00e9es par un formulaire, nous vous invitons \u00e0 nous contacter au <strong>02 52 19 22 24<\/strong> ou par courriel pour que nous puissions d\u00e9terminer ensemble les solutions les mieux adapt\u00e9es.<\/p>\t\t\t\t\t\t\t\t<\/div>\n\t\t\t\t<\/div>\n\t\t\t\t\t<\/div>\n\t\t<\/div>\n\t\t\t\t\t<\/div>\n\t\t<\/section>\n\t\t\t\t<section class=\"elementor-section elementor-top-section elementor-element elementor-element-5157e89 elementor-section-boxed elementor-section-height-default elementor-section-height-default\" data-id=\"5157e89\" data-element_type=\"section\" data-e-type=\"section\">\n\t\t\t\t\t\t<div class=\"elementor-container elementor-column-gap-default\">\n\t\t\t\t\t<div class=\"elementor-column elementor-col-100 elementor-top-column elementor-element elementor-element-00849b9\" data-id=\"00849b9\" data-element_type=\"column\" data-e-type=\"column\">\n\t\t\t<div class=\"elementor-widget-wrap elementor-element-populated\">\n\t\t\t\t\t\t<div class=\"elementor-element elementor-element-d472069 elementor-widget elementor-widget-image\" data-id=\"d472069\" data-element_type=\"widget\" data-e-type=\"widget\" data-widget_type=\"image.default\">\n\t\t\t\t<div class=\"elementor-widget-container\">\n\t\t\t\t\t\t\t\t\t\t\t\t\t\t\t\t<a href=\"https:\/\/poleposition-assurances.fr\/index.php\/contact\/\">\n\t\t\t\t\t\t\t<img fetchpriority=\"high\" decoding=\"async\" width=\"1024\" height=\"910\" src=\"https:\/\/poleposition-assurances.fr\/wp-content\/uploads\/2026\/03\/assurance-pros-1024x910.jpg\" class=\"attachment-large size-large wp-image-2435\" alt=\"\" srcset=\"https:\/\/poleposition-assurances.fr\/wp-content\/uploads\/2026\/03\/assurance-pros-1024x910.jpg 1024w, https:\/\/poleposition-assurances.fr\/wp-content\/uploads\/2026\/03\/assurance-pros-300x267.jpg 300w, https:\/\/poleposition-assurances.fr\/wp-content\/uploads\/2026\/03\/assurance-pros-768x682.jpg 768w, https:\/\/poleposition-assurances.fr\/wp-content\/uploads\/2026\/03\/assurance-pros.jpg 1200w\" sizes=\"(max-width: 1024px) 100vw, 1024px\" \/>\t\t\t\t\t\t\t\t<\/a>\n\t\t\t\t\t\t\t\t\t\t\t\t\t\t\t<\/div>\n\t\t\t\t<\/div>\n\t\t\t\t\t<\/div>\n\t\t<\/div>\n\t\t\t\t\t<\/div>\n\t\t<\/section>\n\t\t\t\t<\/div>\n\t\t","protected":false},"excerpt":{"rendered":"<p>ASSURANCES PROFESSIONNELS S\u00e9curisez votre activit\u00e9, concentrez-vous sur votre r\u00e9ussite Pole Position Assurances vous propose des solutions d\u2019assurance professionnelle con\u00e7ues pour r\u00e9pondre aux sp\u00e9cificit\u00e9s de votre activit\u00e9 et aux besoins de votre entreprise. Au-del\u00e0 de la protection de vos locaux, de vos \u00e9quipements et de vos v\u00e9hicules, nous veillons \u00e9galement \u00e0 s\u00e9curiser l\u2019\u00e9l\u00e9ment essentiel au bon&hellip;<\/p>\n","protected":false},"author":1,"featured_media":2436,"parent":0,"menu_order":0,"comment_status":"closed","ping_status":"closed","template":"","meta":{"footnotes":""},"class_list":["post-2434","page","type-page","status-publish","has-post-thumbnail","hentry"],"_links":{"self":[{"href":"https:\/\/poleposition-assurances.fr\/index.php\/wp-json\/wp\/v2\/pages\/2434","targetHints":{"allow":["GET"]}}],"collection":[{"href":"https:\/\/poleposition-assurances.fr\/index.php\/wp-json\/wp\/v2\/pages"}],"about":[{"href":"https:\/\/poleposition-assurances.fr\/index.php\/wp-json\/wp\/v2\/types\/page"}],"author":[{"embeddable":true,"href":"https:\/\/poleposition-assurances.fr\/index.php\/wp-json\/wp\/v2\/users\/1"}],"replies":[{"embeddable":true,"href":"https:\/\/poleposition-assurances.fr\/index.php\/wp-json\/wp\/v2\/comments?post=2434"}],"version-history":[{"count":7,"href":"https:\/\/poleposition-assurances.fr\/index.php\/wp-json\/wp\/v2\/pages\/2434\/revisions"}],"predecessor-version":[{"id":2445,"href":"https:\/\/poleposition-assurances.fr\/index.php\/wp-json\/wp\/v2\/pages\/2434\/revisions\/2445"}],"wp:featuredmedia":[{"embeddable":true,"href":"https:\/\/poleposition-assurances.fr\/index.php\/wp-json\/wp\/v2\/media\/2436"}],"wp:attachment":[{"href":"https:\/\/poleposition-assurances.fr\/index.php\/wp-json\/wp\/v2\/media?parent=2434"}],"curies":[{"name":"wp","href":"https:\/\/api.w.org\/{rel}","templated":true}]}}