{"id":45,"date":"2016-02-07T10:02:23","date_gmt":"2016-02-07T10:02:23","guid":{"rendered":"https:\/\/the7.io\/marketing-agency\/?page_id=45"},"modified":"2026-02-03T17:26:25","modified_gmt":"2026-02-03T16:26:25","slug":"home-2","status":"publish","type":"page","link":"https:\/\/poleposition-assurances.fr\/","title":{"rendered":"Home"},"content":{"rendered":"<div class=\"wpb-content-wrapper\"><p>[vc_row equal_height=&#8221;yes&#8221; content_placement=&#8221;middle&#8221; type=&#8221;vc_default&#8221; css=&#8221;.vc_custom_1491689272154{padding-top: 70px !important;padding-bottom: 30px !important;}&#8221;][vc_column offset=&#8221;vc_col-lg-6 vc_col-md-7&#8243; css=&#8221;.vc_custom_1491687100695{padding-bottom: 50px !important;}&#8221;]<div id=\"ultimate-heading-168269d6b0a23a225\" class=\"uvc-heading ult-adjust-bottom-margin ultimate-heading-168269d6b0a23a225 uvc-5273 color-title accent-title-color\" data-hspacer=\"no_spacer\"  data-halign=\"left\" style=\"text-align:left\"><div class=\"uvc-heading-spacer no_spacer\" style=\"top\"><\/div><div class=\"uvc-main-heading ult-responsive\"  data-ultimate-target='.uvc-heading.ultimate-heading-168269d6b0a23a225 h1'  data-responsive-json-new='{\"font-size\":\"desktop:48px;mobile_landscape:44px;\",\"line-height\":\"desktop:70px;mobile_landscape:54px;\"}' ><h1 style=\"font-weight:bold;color:#DD3333;margin-bottom:5px;\">Bienvenue sur notre site<\/h1><\/div><\/div><div id=\"ultimate-heading-33269d6b0a23a27a\" class=\"uvc-heading ult-adjust-bottom-margin ultimate-heading-33269d6b0a23a27a uvc-5946 \" data-hspacer=\"no_spacer\"  data-halign=\"left\" style=\"text-align:left\"><div class=\"uvc-heading-spacer no_spacer\" style=\"top\"><\/div><div class=\"uvc-sub-heading ult-responsive\"  data-ultimate-target='.uvc-heading.ultimate-heading-33269d6b0a23a27a .uvc-sub-heading '  data-responsive-json-new='{\"font-size\":\"\",\"line-height\":\"\"}'  style=\"font-weight:normal;\"><\/p>\n<h3>Sp\u00e9cialis\u00e9 dans l\u2019assurance des sports m\u00e9caniques, Pole Position Assurances est en mesure de vous apporter des solutions en mati\u00e8re d\u2019assurance collection, dommages comp\u00e9tition, assurances des v\u00e9hicules sportifs et de prestige, garantie corporelle des pilotes et acteurs du sport automobile, Responsabilit\u00e9 Civile Organisateur de manifestations sportives, marchandises transport\u00e9es.<\/h3>\n<p><\/div><\/div><div id=\"ultimate-heading-601869d6b0a23a2a1\" class=\"uvc-heading ult-adjust-bottom-margin ultimate-heading-601869d6b0a23a2a1 uvc-1867 \" data-hspacer=\"no_spacer\"  data-halign=\"left\" style=\"text-align:left\"><div class=\"uvc-heading-spacer no_spacer\" style=\"top\"><\/div><div class=\"uvc-sub-heading ult-responsive\"  data-ultimate-target='.uvc-heading.ultimate-heading-601869d6b0a23a2a1 .uvc-sub-heading '  data-responsive-json-new='{\"font-size\":\"\",\"line-height\":\"\"}'  style=\"font-weight:normal;\"><\/p>\n<h3>Nos comp\u00e9tences nous permettent \u00e9galement de r\u00e9pondre \u00e0 vos besoins professionnels et risques d\u2019entreprises , tant pour la protection de votre outil de travail que celle des dirigeants et de vos salari\u00e9s.<\/h3>\n<p><\/div><\/div><div id=\"ultimate-heading-178769d6b0a23a2c3\" class=\"uvc-heading ult-adjust-bottom-margin ultimate-heading-178769d6b0a23a2c3 uvc-7872 \" data-hspacer=\"no_spacer\"  data-halign=\"left\" style=\"text-align:left\"><div class=\"uvc-heading-spacer no_spacer\" style=\"top\"><\/div><div class=\"uvc-sub-heading ult-responsive\"  data-ultimate-target='.uvc-heading.ultimate-heading-178769d6b0a23a2c3 .uvc-sub-heading '  data-responsive-json-new='{\"font-size\":\"\",\"line-height\":\"\"}'  style=\"font-weight:normal;\"><\/p>\n<h3>Nous disposons \u00e9galement de solutions compl\u00e8tes et performantes pour vous accompagner au quotidien : Assurance Habitation, Compl\u00e9mentaire Sant\u00e9, Assurance de Pr\u00eat,&#8230;<\/h3>\n<p><\/div><\/div><div id=\"ultimate-heading-853969d6b0a23a2e6\" class=\"uvc-heading ult-adjust-bottom-margin ultimate-heading-853969d6b0a23a2e6 uvc-365 \" data-hspacer=\"no_spacer\"  data-halign=\"left\" style=\"text-align:left\"><div class=\"uvc-heading-spacer no_spacer\" style=\"top\"><\/div><div class=\"uvc-main-heading ult-responsive\"  data-ultimate-target='.uvc-heading.ultimate-heading-853969d6b0a23a2e6 h3'  data-responsive-json-new='{\"font-size\":\"desktop:24px;\",\"line-height\":\"desktop:34px;\"}' ><h3 style=\"font-weight:bold;margin-bottom:25px;\">N'h\u00e9sitez pas \u00e0 nous solliciter pour tous vos besoins d'assurances !<\/h3><\/div><\/div>[\/vc_column][vc_column offset=&#8221;vc_col-lg-6 vc_col-md-5&#8243; css=&#8221;.vc_custom_1762872779472{padding-bottom: 50px !important;}&#8221;][vc_single_image image=&#8221;2281&#8243; img_size=&#8221;large&#8221; alignment=&#8221;center&#8221; css=&#8221;&#8221;][\/vc_column][\/vc_row]<\/p>\n<\/div>","protected":false},"excerpt":{"rendered":"<p>[vc_row equal_height=&#8221;yes&#8221; content_placement=&#8221;middle&#8221; type=&#8221;vc_default&#8221; css=&#8221;.vc_custom_1491689272154{padding-top: 70px !important;padding-bottom: 30px !important;}&#8221;][vc_column offset=&#8221;vc_col-lg-6 vc_col-md-7&#8243; css=&#8221;.vc_custom_1491687100695{padding-bottom: 50px !important;}&#8221;][\/vc_column][vc_column offset=&#8221;vc_col-lg-6 vc_col-md-5&#8243; css=&#8221;.vc_custom_1762872779472{padding-bottom: 50px !important;}&#8221;][vc_single_image image=&#8221;2281&#8243; img_size=&#8221;large&#8221; alignment=&#8221;center&#8221; css=&#8221;&#8221;][\/vc_column][\/vc_row]<\/p>\n","protected":false},"author":1,"featured_media":0,"parent":0,"menu_order":1,"comment_status":"closed","ping_status":"closed","template":"","meta":{"footnotes":""},"class_list":["post-45","page","type-page","status-publish","hentry"],"_links":{"self":[{"href":"https:\/\/poleposition-assurances.fr\/index.php\/wp-json\/wp\/v2\/pages\/45","targetHints":{"allow":["GET"]}}],"collection":[{"href":"https:\/\/poleposition-assurances.fr\/index.php\/wp-json\/wp\/v2\/pages"}],"about":[{"href":"https:\/\/poleposition-assurances.fr\/index.php\/wp-json\/wp\/v2\/types\/page"}],"author":[{"embeddable":true,"href":"https:\/\/poleposition-assurances.fr\/index.php\/wp-json\/wp\/v2\/users\/1"}],"replies":[{"embeddable":true,"href":"https:\/\/poleposition-assurances.fr\/index.php\/wp-json\/wp\/v2\/comments?post=45"}],"version-history":[{"count":17,"href":"https:\/\/poleposition-assurances.fr\/index.php\/wp-json\/wp\/v2\/pages\/45\/revisions"}],"predecessor-version":[{"id":2366,"href":"https:\/\/poleposition-assurances.fr\/index.php\/wp-json\/wp\/v2\/pages\/45\/revisions\/2366"}],"wp:attachment":[{"href":"https:\/\/poleposition-assurances.fr\/index.php\/wp-json\/wp\/v2\/media?parent=45"}],"curies":[{"name":"wp","href":"https:\/\/api.w.org\/{rel}","templated":true}]}}